{"id":39740,"date":"2023-07-24T20:08:03","date_gmt":"2023-07-24T20:08:03","guid":{"rendered":"https:\/\/business-one.local\/?page_id=7"},"modified":"2026-03-12T10:49:31","modified_gmt":"2026-03-12T09:49:31","slug":"publications-facile-a-comprendre","status":"publish","type":"page","link":"https:\/\/www.facileacomprendre.fr\/en\/","title":{"rendered":"Publications Facile \u00e0 comprendre"},"content":{"rendered":"<header class=\"gb-element-84a45700\">\n<div class=\"gbp-section__inner\">\n<div class=\"gb-element-668476e3\">\n<div class=\"gb-element-b37c8662\">\n<h1 class=\"gb-text gb-text-f1f6b810\">Publish your articles <mark style=\"background-color:rgba(0, 0, 0, 0)\" class=\"has-inline-color has-accent-color\">gratuitement<\/mark> sur notre site.<\/h1>\n\n\n\n<p class=\"gb-text gb-text-f9584e56\">La publication d&rsquo;articles fait partie int\u00e9grante du marketing et de la communication digitale, c&rsquo;est pourquoi facile \u00e0 comprendre participe \u00e0 accroitre la visibilit\u00e9 de vos services.<\/p>\n\n\n\n<p class=\"gbp-section__text--sm gb-text-ea56b916\"><span class=\"gb-shape\"><svg viewbox=\"0 0 40 26.79\" data-name=\"Layer 1\" xmlns=\"http:\/\/www.w3.org\/2000\/svg\" fill=\"currentColor\"><path d=\"M.31 18.41C-1.37 10.67 3.97 2.41 12.65 0l.63 5.23c-2.3.94-4.29 3.14-4.29 6.07 3.45-1.57 8.27.42 9.42 5.34.94 4.5-1.99 8.89-6.59 9.94C6.8 27.63 1.67 24.7.31 18.42Zm21.49 0C20.13 10.67 25.36 2.4 34.04 0l.73 5.23c-2.41.94-4.29 3.14-4.4 6.07 3.56-1.57 8.37.42 9.42 5.34 1.05 4.5-1.99 8.89-6.59 9.94-4.92 1.05-10.04-1.88-11.41-8.16Z\"><\/path><\/svg><\/span><span class=\"gb-text\">Depuis 2010, nous mettons tout en oeuvre pour assurer un service de qualit\u00e9, gratuit et accessible \u00e0 tous. <\/span><\/p>\n\n\n\n<div class=\"gb-element-b1efb6ba\">\n<img loading=\"lazy\" decoding=\"async\" width=\"100\" height=\"100\" class=\"gb-media-9985ac54\" src=\"https:\/\/www.facileacomprendre.fr\/wp-content\/uploads\/2025\/07\/gilbert.jpeg\" title=\"gilbert\" alt=\"Gilbert CEO COM JULIEN\"\/>\n\n\n\n<div>\n<div class=\"gb-text gbp-section__text--sm\">Gilbert Julian<\/div>\n\n\n\n<div class=\"gb-text gbp-section__text--sm\">CEO <\/div>\n<\/div>\n<\/div>\n<\/div>\n\n\n\n<div class=\"gb-element-0c29e940\">\n<img loading=\"lazy\" decoding=\"async\" width=\"780\" height=\"780\" class=\"gbp--border-radius gb-media-c994699f\" src=\"https:\/\/www.facileacomprendre.fr\/wp-content\/uploads\/2025\/07\/equipe-facileacomprendre.jpeg\" title=\"equipe-facileacomprendre\" alt=\"Notre r\u00e9daction presque au complet\" srcset=\"https:\/\/www.facileacomprendre.fr\/wp-content\/uploads\/2025\/07\/equipe-facileacomprendre.jpeg 780w, https:\/\/www.facileacomprendre.fr\/wp-content\/uploads\/2025\/07\/equipe-facileacomprendre-300x300.jpeg 300w, https:\/\/www.facileacomprendre.fr\/wp-content\/uploads\/2025\/07\/equipe-facileacomprendre-150x150.jpeg 150w, https:\/\/www.facileacomprendre.fr\/wp-content\/uploads\/2025\/07\/equipe-facileacomprendre-768x768.jpeg 768w\" sizes=\"auto, (max-width: 780px) 100vw, 780px\" \/>\n\n\n\n<div class=\"gb-element-ee7c2fc2\">\n<img loading=\"lazy\" decoding=\"async\" width=\"768\" height=\"520\" class=\"gbp--border-radius gb-media-906a35de\" src=\"https:\/\/www.facileacomprendre.fr\/wp-content\/uploads\/2025\/07\/discussion-equipe-publication.jpeg\" title=\"discussion-equipe-publication\" alt=\"discussion amicale  au sujet d&amp;#039;une publication\" srcset=\"https:\/\/www.facileacomprendre.fr\/wp-content\/uploads\/2025\/07\/discussion-equipe-publication.jpeg 768w, https:\/\/www.facileacomprendre.fr\/wp-content\/uploads\/2025\/07\/discussion-equipe-publication-300x203.jpeg 300w\" sizes=\"auto, (max-width: 768px) 100vw, 768px\" \/>\n<\/div>\n<\/div>\n<\/div>\n<\/div>\n<\/header>\n\n\n\n<div class=\"gbp--border-radius gb-element-79253f80\">\n<div class=\"gbp-section__inner\">\n<div class=\"gb-element-5cb801a0\">\n<div class=\"gb-element-7ee6ee70\">\n<div class=\"gb-element-5726c844\">\n<a href=\"https:\/\/www.facileacomprendre.fr\/en\/category\/sport\/\"><img loading=\"lazy\" decoding=\"async\" width=\"400\" height=\"400\" class=\"gbp--border-radius\" src=\"https:\/\/www.facileacomprendre.fr\/wp-content\/uploads\/2025\/07\/sport-facileacomprendre.jpeg\" title=\"sport-facileacomprendre\" alt=\"Publications sportives sur facile \u00e0 comprendre\" srcset=\"https:\/\/www.facileacomprendre.fr\/wp-content\/uploads\/2025\/07\/sport-facileacomprendre.jpeg 400w, https:\/\/www.facileacomprendre.fr\/wp-content\/uploads\/2025\/07\/sport-facileacomprendre-300x300.jpeg 300w, https:\/\/www.facileacomprendre.fr\/wp-content\/uploads\/2025\/07\/sport-facileacomprendre-150x150.jpeg 150w\" sizes=\"auto, (max-width: 400px) 100vw, 400px\" \/><\/a>\n\n\n\n<a href=\"https:\/\/www.facileacomprendre.fr\/en\/category\/communication-digitale\/\"><img loading=\"lazy\" decoding=\"async\" width=\"400\" height=\"400\" class=\"gbp--border-radius\" src=\"https:\/\/www.facileacomprendre.fr\/wp-content\/uploads\/2025\/07\/communication-digitale-facileacomprendre.jpeg\" title=\"communication-digitale-facileacomprendre\" alt=\"Communication digitale sur facile \u00e0 comprendre\" srcset=\"https:\/\/www.facileacomprendre.fr\/wp-content\/uploads\/2025\/07\/communication-digitale-facileacomprendre.jpeg 400w, https:\/\/www.facileacomprendre.fr\/wp-content\/uploads\/2025\/07\/communication-digitale-facileacomprendre-300x300.jpeg 300w, https:\/\/www.facileacomprendre.fr\/wp-content\/uploads\/2025\/07\/communication-digitale-facileacomprendre-150x150.jpeg 150w\" sizes=\"auto, (max-width: 400px) 100vw, 400px\" \/><\/a>\n<\/div>\n\n\n\n<div class=\"gb-element-be9afbda\">\n<a href=\"https:\/\/www.facileacomprendre.fr\/en\/category\/maison\/\"><img loading=\"lazy\" decoding=\"async\" width=\"300\" height=\"300\" class=\"gbp--border-radius\" src=\"https:\/\/www.facileacomprendre.fr\/wp-content\/uploads\/2025\/07\/maison-facileacomprendre.jpeg\" title=\"Publication autour du th\u00e8me de la maison\" alt=\"Publication sur les services adapt\u00e9s pour sa maison\" srcset=\"https:\/\/www.facileacomprendre.fr\/wp-content\/uploads\/2025\/07\/maison-facileacomprendre.jpeg 300w, https:\/\/www.facileacomprendre.fr\/wp-content\/uploads\/2025\/07\/maison-facileacomprendre-150x150.jpeg 150w\" sizes=\"auto, (max-width: 300px) 100vw, 300px\" \/><\/a>\n\n\n\n<a href=\"https:\/\/www.facileacomprendre.fr\/en\/category\/petanque\/\"><img loading=\"lazy\" decoding=\"async\" width=\"300\" height=\"300\" class=\"gbp--border-radius\" src=\"https:\/\/www.facileacomprendre.fr\/wp-content\/uploads\/2025\/07\/petanque-facileacomprendre.jpeg\" title=\"petanque-facileacomprendre\" alt=\"Publication sur la p\u00e9tanque\" srcset=\"https:\/\/www.facileacomprendre.fr\/wp-content\/uploads\/2025\/07\/petanque-facileacomprendre.jpeg 300w, https:\/\/www.facileacomprendre.fr\/wp-content\/uploads\/2025\/07\/petanque-facileacomprendre-150x150.jpeg 150w\" sizes=\"auto, (max-width: 300px) 100vw, 300px\" \/><\/a>\n<\/div>\n<\/div>\n\n\n\n<div>\n<p class=\"gb-text gbp-section__tagline\">Pourquoi publier un article ?<\/p>\n\n\n\n<h2 class=\"gb-text\">Faites d\u00e9couvrir vos services, votre activit\u00e9 \u00e0 un public toujours plus large. Tissez votre toile sur un site de confiance.<\/h2>\n\n\n\n<p>Si vous avez d\u00e9cid\u00e9 de faire connaitre votre entreprise, le meilleur moyen est surement d&rsquo;en parler \u00e0 ceux que vous connaissez, mais surtout \u00e0 ceux que vous ne connaissez pas. C&rsquo;est pourquoi nous mettons \u00e0 votre disposition ce service de qualit\u00e9, dans lequel le contenu est tri\u00e9 sur le volet. <\/p>\n\n\n\n<a class=\"gb-text gbp-button--primary gb-text-ece54ef7\" href=\"https:\/\/www.facileacomprendre.fr\/en\/demande-de-renseignement-pour-la-publication-darticle-sur-notre-site\/\">Publier un article<\/a>\n<\/div>\n<\/div>\n<\/div>\n<\/div>\n\n\n\n<div class=\"gbp-section\">\n<div class=\"gbp-section__inner\">\n<div class=\"gbp--margin-after gb-element-c9a0dcd4\">\n<p class=\"gb-text gbp-section__tagline\">Un service de publication d&rsquo;articles totalement gratuit<\/p>\n\n\n\n<h2 class=\"gb-text\">Donnez un coup de pouce \u00e0 votre campagne marketing<\/h2>\n\n\n\n<p class=\"gb-text gb-text-a1c8ae48\">Pas simple de trouver un service de publications d&rsquo;articles, gratuit et de qualit\u00e9, qui n&rsquo;accepte que les articles bien \u00e9crits, sans exc\u00e8s. Une plateforme simplifi\u00e9e et optimis\u00e9e afin de profiter pleinement du potentiel qu&rsquo;elle vous offre. Notre site est sp\u00e9cialis\u00e9 sur des th\u00e9matiques pr\u00e9cises en rapport avec le sport, la p\u00e9tanque, l&rsquo;actualit\u00e9 et la vie de tous les jours.<\/p>\n<\/div>\n\n\n\n<div class=\"gb-element-2a2826e4\">\n<div class=\"gb-element-c0893001\">\n<div class=\"gb-element-ff677824\">\n<div class=\"gb-text-4eaf2a3b\"><span class=\"gb-shape\"><svg viewbox=\"0 0 256 256\" height=\"32\" width=\"32\" xmlns=\"http:\/\/www.w3.org\/2000\/svg\"><path d=\"M58.34,101.66l-32-32a8,8,0,0,1,0-11.32l32-32A8,8,0,0,1,69.66,37.66L43.31,64,69.66,90.34a8,8,0,0,1-11.32,11.32Zm40,0a8,8,0,0,0,11.32,0l32-32a8,8,0,0,0,0-11.32l-32-32A8,8,0,0,0,98.34,37.66L124.69,64,98.34,90.34A8,8,0,0,0,98.34,101.66ZM200,40H176a8,8,0,0,0,0,16h24V200H56V136a8,8,0,0,0-16,0v64a16,16,0,0,0,16,16H200a16,16,0,0,0,16-16V56A16,16,0,0,0,200,40Z\"><\/path><\/svg><\/span><\/div>\n\n\n\n<div>\n<h3 class=\"gb-text gb-text-57591bb4\">Transformez nos visiteurs en clients<\/h3>\n\n\n\n<p>Vos visiteurs sont pr\u00e9cieux ! En r\u00e9f\u00e9ren\u00e7ant vos articles sur notre site, vous gagnez en visibilit\u00e9 aupr\u00e8s d\u2019une audience cibl\u00e9e. Avec des contenus accrocheurs et des appels \u00e0 l\u2019action percutants, ces visiteurs peuvent devenir vos clients.<\/p>\n<\/div>\n<\/div>\n<\/div>\n\n\n\n<div class=\"gb-element-8adf1e8e\">\n<div class=\"gb-element-4bc0450f\">\n<div class=\"gb-text-d1d94d91\"><span class=\"gb-shape\"><svg viewbox=\"0 0 256 256\" height=\"32\" width=\"32\" xmlns=\"http:\/\/www.w3.org\/2000\/svg\"><path d=\"M230.91,172A8,8,0,0,1,228,182.91l-96,56a8,8,0,0,1-8.06,0l-96-56A8,8,0,0,1,36,169.09l92,53.65,92-53.65A8,8,0,0,1,230.91,172ZM220,121.09l-92,53.65L36,121.09A8,8,0,0,0,28,134.91l96,56a8,8,0,0,0,8.06,0l96-56A8,8,0,1,0,220,121.09ZM24,80a8,8,0,0,1,4-6.91l96-56a8,8,0,0,1,8.06,0l96,56a8,8,0,0,1,0,13.82l-96,56a8,8,0,0,1-8.06,0l-96-56A8,8,0,0,1,24,80Zm23.88,0L128,126.74,208.12,80,128,33.26Z\"><\/path><\/svg><\/span><\/div>\n\n\n<div class=\"gb-container gb-container-006115cb\">\n\n<div>\n<h3 class=\"gb-text gb-text-ddae5adb\">\u00c9largissez votre visibilit\u00e9 sur internet <\/h3>\n<\/div>\n\n\n\n<p>Vous communiquez d\u00e9j\u00e0 sur d\u2019autres canaux ? Amplifiez votre port\u00e9e avec notre plateforme !Vous touchez une nouvelle audience curieuse et engag\u00e9e. Chaque visiteur est une opportunit\u00e9 d\u2019\u00e9largir votre impact et de faire rayonner votre marque encore plus loin !<\/p>\n\n<\/div><\/div>\n<\/div>\n\n\n\n<div class=\"gb-element-454b42e6\">\n<div class=\"gb-element-7f2451f8\">\n<div class=\"gb-text-1cb88246\"><span class=\"gb-shape\"><svg xmlns=\"http:\/\/www.w3.org\/2000\/svg\" width=\"32\" height=\"32\" viewbox=\"0 0 256 256\"><path d=\"M224,40V76a8,8,0,0,1-16,0V48H180a8,8,0,0,1,0-16h36A8,8,0,0,1,224,40Zm-8,132a8,8,0,0,0-8,8v28H180a8,8,0,0,0,0,16h36a8,8,0,0,0,8-8V180A8,8,0,0,0,216,172ZM76,208H48V180a8,8,0,0,0-16,0v36a8,8,0,0,0,8,8H76a8,8,0,0,0,0-16ZM40,84a8,8,0,0,0,8-8V48H76a8,8,0,0,0,0-16H40a8,8,0,0,0-8,8V76A8,8,0,0,0,40,84Zm136,92a8,8,0,0,1-6.41-3.19,52,52,0,0,0-83.2,0,8,8,0,1,1-12.8-9.62A67.94,67.94,0,0,1,101,141.51a40,40,0,1,1,53.94,0,67.94,67.94,0,0,1,27.43,21.68A8,8,0,0,1,176,176Zm-48-40a24,24,0,1,0-24-24A24,24,0,0,0,128,136Z\"><\/path><\/svg><\/span><\/div>\n\n\n<div class=\"gb-container gb-container-07922ee9\">\n\n<h3 class=\"gb-text gb-text-c3c9c5cc\">Promotionnez votre activit\u00e9 avec vos mots<\/h3>\n\n\n\n<p>Donnez une voix unique \u00e0 votre activit\u00e9 sur notre plateforme ! Racontez votre histoire et mettez en lumi\u00e8re ce qui vous rend sp\u00e9cial. Chaque mot que vous publiez est une chance d\u2019attirer, d\u2019inspirer et de connecter avec de nouveaux clients. Faites vibrer votre marque et boostez votre pr\u00e9sence en ligne !<\/p>\n\n<\/div><\/div>\n<\/div>\n\n\n\n<div class=\"gb-element-3ced889d\">\n<div class=\"gb-element-dc2fd26d\">\n<div class=\"gb-text-40e8d3ab\"><span class=\"gb-shape\"><svg xmlns=\"http:\/\/www.w3.org\/2000\/svg\" width=\"32\" height=\"32\" viewbox=\"0 0 256 256\"><path d=\"M221.87,83.16A104.1,104.1,0,1,1,195.67,49l22.67-22.68a8,8,0,0,1,11.32,11.32l-96,96a8,8,0,0,1-11.32-11.32l27.72-27.72a40,40,0,1,0,17.87,31.09,8,8,0,1,1,16-.9,56,56,0,1,1-22.38-41.65L184.3,60.39a87.88,87.88,0,1,0,23.13,29.67,8,8,0,0,1,14.44-6.9Z\"><\/path><\/svg><\/span><\/div>\n\n\n<div class=\"gb-container gb-container-eb769479\">\n\n<h3 class=\"gb-text gb-text-d1bd3606\">Un vrai bon plan comme on n&rsquo;en fait plus<\/h3>\n\n\n\n<p>Dans un monde satur\u00e9 de solutions passe-partout, notre plateforme est une perle rare, un vrai bon plan \u00e0 l\u2019ancienne que les connaisseurs sauront saisir. Postez vos articles, partagez votre univers et touchez une audience captiv\u00e9e, comme au bon vieux temps.<\/p>\n\n<\/div><\/div>\n<\/div>\n<\/div>\n<\/div>\n<\/div>\n\n\n\n<div class=\"gbp-section gb-element-b9410125\">\n<div class=\"gbp-section__inner gb-element-744b1c4c\">\n<p class=\"gb-text gbp-section__tagline gb-text-ac81b74b\">Nos partenaires<\/p>\n\n\n\n<div class=\"wp-block-columns is-layout-flex wp-container-core-columns-is-layout-9d6595d7 wp-block-columns-is-layout-flex\">\n<div class=\"wp-block-column is-layout-flow wp-block-column-is-layout-flow\" style=\"flex-basis:100%\">\n<div class=\"wp-block-columns is-layout-flex wp-container-core-columns-is-layout-9d6595d7 wp-block-columns-is-layout-flex\">\n<div class=\"wp-block-column is-layout-flow wp-block-column-is-layout-flow\" style=\"flex-basis:100%\">\n<div class=\"gb-element-891ed701\">\n<figure class=\"wp-block-image size-full is-resized\"><a href=\"https:\/\/www.petanque-web.com\/fr\/\"><img loading=\"lazy\" decoding=\"async\" width=\"180\" height=\"125\" src=\"https:\/\/www.facileacomprendre.fr\/wp-content\/uploads\/2025\/06\/petanque-web.webp\" alt=\"petanque web\" class=\"wp-image-44020\" style=\"width:163px;height:auto\"\/><\/a><\/figure>\n\n\n\n<figure class=\"wp-block-image size-full is-resized\"><a href=\"https:\/\/oddeka.fr\/fr\/\"><img loading=\"lazy\" decoding=\"async\" width=\"260\" height=\"164\" src=\"https:\/\/www.facileacomprendre.fr\/wp-content\/uploads\/2025\/06\/odk.webp\" alt=\"Oddeka p\u00e9tanque\" class=\"wp-image-44018\" style=\"width:181px;height:auto\"\/><\/a><\/figure>\n\n\n\n<figure class=\"wp-block-image size-full is-resized\"><a href=\"https:\/\/bouloddo.com\/\"><img loading=\"lazy\" decoding=\"async\" width=\"280\" height=\"164\" src=\"https:\/\/www.facileacomprendre.fr\/wp-content\/uploads\/2025\/06\/bouloddo.webp\" alt=\"Bouloddo\" class=\"wp-image-44019\" style=\"width:193px;height:auto\"\/><\/a><\/figure>\n\n\n\n<img loading=\"lazy\" decoding=\"async\" width=\"215\" height=\"100\" class=\"gb-media-a027c5bf\" src=\"https:\/\/www.facileacomprendre.fr\/wp-content\/uploads\/2025\/06\/logo-lucas-alarmes.png\" alt=\"Lucas alarmes\"\/>\n<\/div>\n<\/div>\n<\/div>\n<\/div>\n<\/div>\n<\/div>\n<\/div>\n\n\n\n<div class=\"gbp--border-radius gb-element-db3b6bb3\">\n<div class=\"gbp-section__inner\">\n<div class=\"gbp--margin-after gb-element-8a501577\">\n<p class=\"gb-text gbp-section__tagline\">T\u00e9moignages de nos utilisateurs<\/p>\n\n\n\n<h2 class=\"gb-text\">Nos utilisateurs appr\u00e9cient notre service de publication<\/h2>\n<\/div>\n\n\n\n<div class=\"gb-element-2977f913\">\n<div class=\"gbp-card gb-element-c1b6114a\">\n<p class=\"gb-text-237243ed\"><span class=\"gb-shape\"><svg viewbox=\"0 0 40 26.79\" data-name=\"Layer 1\" xmlns=\"http:\/\/www.w3.org\/2000\/svg\"><path d=\"M.31 18.41C-1.37 10.67 3.97 2.41 12.65 0l.63 5.23c-2.3.94-4.29 3.14-4.29 6.07 3.45-1.57 8.27.42 9.42 5.34.94 4.5-1.99 8.89-6.59 9.94C6.8 27.63 1.67 24.7.31 18.42Zm21.49 0C20.13 10.67 25.36 2.4 34.04 0l.73 5.23c-2.41.94-4.29 3.14-4.4 6.07 3.56-1.57 8.37.42 9.42 5.34 1.05 4.5-1.99 8.89-6.59 9.94-4.92 1.05-10.04-1.88-11.41-8.16Z\"><\/path><\/svg><\/span><span class=\"gb-text\">J&rsquo;aime r\u00e9diger de superbes articles qui d\u00e9crivent parfaitement nos articles de p\u00e9tanque. Cela me permet de vraiment rentrer dans le d\u00e9tail et ainsi \u00e0 permettre aux visiteurs de d\u00e9couvrir nos produits<\/span><\/p>\n\n\n\n<div class=\"gb-element-e77e918f\">\n<img loading=\"lazy\" decoding=\"async\" width=\"100\" height=\"100\" class=\"gb-media-5d59bb22\" src=\"https:\/\/www.facileacomprendre.fr\/wp-content\/uploads\/2025\/07\/angelique.jpeg\" title=\"angelica\" alt=\"Angelica\"\/>\n\n\n\n<div>\n<div class=\"gb-text gbp-section__text--sm\">Ang\u00e9lica<\/div>\n\n\n\n<div class=\"gb-text gbp-section__text--sm\">R\u00e9dactrice P\u00e9tanque Web<\/div>\n<\/div>\n<\/div>\n<\/div>\n\n\n\n<div class=\"gbp-card gb-element-941a89b1\">\n<p class=\"gb-text-cb677bfa\"><span class=\"gb-shape\"><svg viewbox=\"0 0 40 26.79\" data-name=\"Layer 1\" xmlns=\"http:\/\/www.w3.org\/2000\/svg\"><path d=\"M.31 18.41C-1.37 10.67 3.97 2.41 12.65 0l.63 5.23c-2.3.94-4.29 3.14-4.29 6.07 3.45-1.57 8.27.42 9.42 5.34.94 4.5-1.99 8.89-6.59 9.94C6.8 27.63 1.67 24.7.31 18.42Zm21.49 0C20.13 10.67 25.36 2.4 34.04 0l.73 5.23c-2.41.94-4.29 3.14-4.4 6.07 3.56-1.57 8.37.42 9.42 5.34 1.05 4.5-1.99 8.89-6.59 9.94-4.92 1.05-10.04-1.88-11.41-8.16Z\"><\/path><\/svg><\/span><span class=\"gb-text\">En tant que sp\u00e9cialiste AdWords je ne peux qu&rsquo;appr\u00e9cier Facile \u00e0 comprendre, qui plus est, propose ce service gratuitement, chose extr\u00eamement rare de nos jours.<\/span><\/p>\n\n\n\n<div class=\"gb-element-aed9e7c0\">\n<img loading=\"lazy\" decoding=\"async\" width=\"100\" height=\"100\" class=\"gb-media-3f054fa6\" src=\"https:\/\/www.facileacomprendre.fr\/wp-content\/uploads\/2025\/07\/lucas.jpeg\" title=\"lucas\" alt=\"Lucas\"\/>\n\n\n\n<div>\n<div class=\"gb-text gbp-section__text--sm\">Lucas<\/div>\n\n\n\n<div class=\"gb-text gbp-section__text--sm\">Sp\u00e9cialiste AdWords<\/div>\n<\/div>\n<\/div>\n<\/div>\n\n\n\n<div class=\"gbp-card gb-element-9aa57003\">\n<p class=\"gb-text-e15dd869\"><span class=\"gb-shape\"><svg viewbox=\"0 0 40 26.79\" data-name=\"Layer 1\" xmlns=\"http:\/\/www.w3.org\/2000\/svg\"><path d=\"M.31 18.41C-1.37 10.67 3.97 2.41 12.65 0l.63 5.23c-2.3.94-4.29 3.14-4.29 6.07 3.45-1.57 8.27.42 9.42 5.34.94 4.5-1.99 8.89-6.59 9.94C6.8 27.63 1.67 24.7.31 18.42Zm21.49 0C20.13 10.67 25.36 2.4 34.04 0l.73 5.23c-2.41.94-4.29 3.14-4.4 6.07 3.56-1.57 8.37.42 9.42 5.34 1.05 4.5-1.99 8.89-6.59 9.94-4.92 1.05-10.04-1.88-11.41-8.16Z\"><\/path><\/svg><\/span><span class=\"gb-text\">Nous utilisons Facile \u00e0 comprendre depuis quelques ann\u00e9es, ce service nous offre une visibilit\u00e9 suppl\u00e9mentaire. Ce service compl\u00e8te parfaitement notre strat\u00e9gie SEO.<\/span><\/p>\n\n\n\n<div class=\"gb-element-ef5c5f40\">\n<img loading=\"lazy\" decoding=\"async\" width=\"100\" height=\"100\" class=\"gb-media-25140d05\" src=\"https:\/\/www.facileacomprendre.fr\/wp-content\/uploads\/2025\/07\/angelique-2.jpeg\" title=\"angelique\" alt=\"Anglique responsable SEO\"\/>\n\n\n\n<div>\n<div class=\"gb-text gbp-section__text--sm\">Ang\u00e9lique<\/div>\n\n\n\n<div class=\"gb-text gbp-section__text--sm\">Responsable SEO<\/div>\n<\/div>\n<\/div>\n<\/div>\n<\/div>\n<\/div>\n<\/div>\n\n\n\n<div class=\"gbp-section gb-element-7f757b20\">\n<div class=\"gbp-section__inner\">\n<div class=\"gbp--margin-after gb-element-64c7b0c4\">\n<p class=\"gb-text gbp-section__tagline\">Derni\u00e8res publications<\/p>\n\n\n\n<h2 class=\"gb-text\">Publications r\u00e9centes de nos visiteurs<\/h2>\n\n\n\n<p class=\"gb-text gb-text-f6c3f6da\">Une fois vos articles valid\u00e9s, il y a de fortes chances que vous puissiez disposer d&rsquo;un emplacement sur ce magnifique spot. Ainsi la visibilit\u00e9 de vos articles devient maximale et profitable \u00e0 souhait.<\/p>\n<\/div>\n\n\n\n<div><div class=\"gb-looper-f810ff46\">\n<a class=\"gb-loop-item gbp--border-radius gb-loop-item-9edbcbdc post-46559 post type-post status-publish format-standard has-post-thumbnail hentry category-actualites tag-championnats-departementaux tag-club-du-frejus-international-petanque tag-competitions-petanque tag-diego-rizzi tag-dylan-rocher tag-mickael-bonetto tag-stephane-robineau\" style=\"--inline-bg-image: url(https:\/\/www.facileacomprendre.fr\/wp-content\/uploads\/2026\/04\/championnats-departementaux-petanque-2026-resultats-1-scaled.jpg)\" href=\"https:\/\/www.facileacomprendre.fr\/en\/resultats-des-championnats-departementaux-petanque-2026\/\">\n<div class=\"gb-element-07706ef4\">\n<h2 class=\"gb-text gb-text-e9d1b1ca\">Les clubs qui dominent les championnats d\u00e9partementaux p\u00e9tanque 2026<\/h2>\n\n\n\n<p class=\"gb-text gb-text-5e738b03\">15 April 2026<\/p>\n<\/div>\n<\/a>\n\n<a class=\"gb-loop-item gbp--border-radius gb-loop-item-9edbcbdc post-46490 post type-post status-publish format-standard has-post-thumbnail hentry category-actualites tag-championnats-departementaux tag-competitions-petanque\" style=\"--inline-bg-image: url(https:\/\/www.facileacomprendre.fr\/wp-content\/uploads\/2026\/04\/calendrier-petanque-avril-2026-1-scaled.jpg)\" href=\"https:\/\/www.facileacomprendre.fr\/en\/calendrier-petanque-avril-2026-les-competitions-a-ne-pas-manquer\/\">\n<div class=\"gb-element-07706ef4\">\n<h2 class=\"gb-text gb-text-e9d1b1ca\">Calendrier p\u00e9tanque avril 2026 : les comp\u00e9titions \u00e0 ne pas manquer<\/h2>\n\n\n\n<p class=\"gb-text gb-text-5e738b03\">7 April 2026<\/p>\n<\/div>\n<\/a>\n\n<a class=\"gb-loop-item gbp--border-radius gb-loop-item-9edbcbdc post-46466 post type-post status-publish format-standard has-post-thumbnail hentry category-actualites tag-competitions-petanque tag-stephane-robineau\" style=\"--inline-bg-image: url(https:\/\/www.facileacomprendre.fr\/wp-content\/uploads\/2026\/04\/Stephane-Robineau-Champion-du-Var-2026.jpg)\" href=\"https:\/\/www.facileacomprendre.fr\/en\/stephane-robineau-champion-du-var-2026\/\">\n<div class=\"gb-element-07706ef4\">\n<h2 class=\"gb-text gb-text-e9d1b1ca\">Sacre de St\u00e9phane Robineau au championnat du Var 2026<\/h2>\n\n\n\n<p class=\"gb-text gb-text-5e738b03\">3 April 2026<\/p>\n<\/div>\n<\/a>\n\n<a class=\"gb-loop-item gbp--border-radius gb-loop-item-9edbcbdc post-46379 post type-post status-publish format-standard has-post-thumbnail hentry category-actualites tag-competitions-petanque tag-dylan-rocher tag-henri-lacroix tag-mickael-bonetto\" style=\"--inline-bg-image: url(https:\/\/www.facileacomprendre.fr\/wp-content\/uploads\/2026\/04\/performances-de-lequipe-france-petanque-2026-scaled.jpg)\" href=\"https:\/\/www.facileacomprendre.fr\/en\/performances-equipe-france-petanque-2026-avant-les-mondiaux\/\">\n<div class=\"gb-element-07706ef4\">\n<h2 class=\"gb-text gb-text-e9d1b1ca\">\u00c9quipe de France p\u00e9tanque 2026 : ces performances qui inqui\u00e8tent\u2026 ou rassurent avant le Mondial<\/h2>\n\n\n\n<p class=\"gb-text gb-text-5e738b03\">1 April 2026<\/p>\n<\/div>\n<\/a>\n<\/div><\/div>\n<\/div>\n<\/div>\n\n\n\n<div class=\"wp-block-group\"><div class=\"wp-block-group__inner-container is-layout-constrained wp-block-group-is-layout-constrained\">\n<div><form role=\"search\" method=\"get\" action=\"https:\/\/www.facileacomprendre.fr\/en\/\" class=\"wp-block-search__button-outside wp-block-search__text-button wp-block-search\" data-trp-original-action=\"https:\/\/www.facileacomprendre.fr\/en\/\"    ><label class=\"wp-block-search__label\" for=\"wp-block-search__input-1\" >Rechercher<\/label><div class=\"wp-block-search__inside-wrapper\" ><input class=\"wp-block-search__input\" id=\"wp-block-search__input-1\" placeholder=\"\" value=\"\" type=\"search\" name=\"s\" required \/><button aria-label=\"Rechercher\" class=\"wp-block-search__button wp-element-button\" type=\"submit\" >Rechercher<\/button><\/div><input type=\"hidden\" name=\"trp-form-language\" value=\"en\"\/><\/form><\/div>\n<\/div><\/div>","protected":false},"excerpt":{"rendered":"<p>Publiez vos articles gratuitement sur notre site. La publication d&rsquo;articles fait partie int\u00e9grante du marketing et de la communication digitale, c&rsquo;est pourquoi facile \u00e0 comprendre participe \u00e0 accroitre la visibilit\u00e9 de vos services. Depuis 2010, nous mettons tout en oeuvre pour assurer un service de qualit\u00e9, gratuit et accessible \u00e0 tous. Gilbert Julian CEO Pourquoi &#8230; <a title=\"Publications Facile \u00e0 comprendre\" class=\"read-more\" href=\"https:\/\/www.facileacomprendre.fr\/en\/\" aria-label=\"Read more about Publications Facile \u00e0 comprendre\">Read more<\/a><\/p>","protected":false},"author":4353,"featured_media":0,"parent":0,"menu_order":0,"comment_status":"closed","ping_status":"closed","template":"","meta":{"footnotes":""},"class_list":["post-39740","page","type-page","status-publish"],"_links":{"self":[{"href":"https:\/\/www.facileacomprendre.fr\/en\/wp-json\/wp\/v2\/pages\/39740","targetHints":{"allow":["GET"]}}],"collection":[{"href":"https:\/\/www.facileacomprendre.fr\/en\/wp-json\/wp\/v2\/pages"}],"about":[{"href":"https:\/\/www.facileacomprendre.fr\/en\/wp-json\/wp\/v2\/types\/page"}],"author":[{"embeddable":true,"href":"https:\/\/www.facileacomprendre.fr\/en\/wp-json\/wp\/v2\/users\/4353"}],"replies":[{"embeddable":true,"href":"https:\/\/www.facileacomprendre.fr\/en\/wp-json\/wp\/v2\/comments?post=39740"}],"version-history":[{"count":37,"href":"https:\/\/www.facileacomprendre.fr\/en\/wp-json\/wp\/v2\/pages\/39740\/revisions"}],"predecessor-version":[{"id":45282,"href":"https:\/\/www.facileacomprendre.fr\/en\/wp-json\/wp\/v2\/pages\/39740\/revisions\/45282"}],"wp:attachment":[{"href":"https:\/\/www.facileacomprendre.fr\/en\/wp-json\/wp\/v2\/media?parent=39740"}],"curies":[{"name":"wp","href":"https:\/\/api.w.org\/{rel}","templated":true}]}}