{"id":43770,"date":"2025-06-27T11:42:03","date_gmt":"2025-06-27T10:42:03","guid":{"rendered":"https:\/\/www.facileacomprendre.fr\/?page_id=43770"},"modified":"2025-06-27T12:23:08","modified_gmt":"2025-06-27T11:23:08","slug":"mentions-legales","status":"publish","type":"page","link":"https:\/\/www.facileacomprendre.fr\/en\/mentions-legales\/","title":{"rendered":"Mentions l\u00e9gales"},"content":{"rendered":"<h1 class=\"wp-block-heading\">Mentions l\u00e9gales <\/h1>\n\n\n\n<p>Conform\u00e9ment aux dispositions de l\u2019article 6-III-1 de la loi n\u00b0 2004-575 du 21 juin 2004 pour la confiance dans l\u2019\u00e9conomie num\u00e9rique, les pr\u00e9sentes mentions l\u00e9gales fournissent les informations obligatoires relatives au site internet <strong>facileacomprendre.fr<\/strong>.<\/p>\n\n\n\n<h2 class=\"wp-block-heading\">1. \u00c9diteur du site<\/h2>\n\n\n\n<p>Le site <strong>facileacomprendre.fr<\/strong> est \u00e9dit\u00e9 par :<br><strong>COM JULIEN<\/strong><br>Forme juridique : SARL (Soci\u00e9t\u00e9 \u00e0 Responsabilit\u00e9 Limit\u00e9e)<br>SIRET : 751 829 557 00018<br>Adresse du si\u00e8ge social : 30 Avenue de l&rsquo;Europe, 31520 Ramonville-Saint-Agne, France<br>T\u00e9l\u00e9phone : Non communiqu\u00e9<br>Email : <a href=\"mailto:contact@facileacomprendre.fr\">contact@facileacomprendre.fr<\/a><\/p>\n\n\n\n<p><strong>Directeur de la publication<\/strong> : M. Gilbert JULIEN<\/p>\n\n\n\n<h2 class=\"wp-block-heading\">2. H\u00e9bergement du site<\/h2>\n\n\n\n<p>Le site <strong>facileacomprendre.fr<\/strong> est h\u00e9berg\u00e9 par :<br><strong>OVH<\/strong><br>SAS au capital de 10 174 560 \u20ac<br>RCS Lille M\u00e9tropole 424 761 419 00045<br>Si\u00e8ge social : 2 rue Kellermann, 59100 Roubaix, France<br>T\u00e9l\u00e9phone : +33 9 72 10 10 07<\/p>\n\n\n\n<h2 class=\"wp-block-heading\">3. Propri\u00e9t\u00e9 intellectuelle<\/h2>\n\n\n\n<p>L\u2019ensemble des contenus pr\u00e9sents sur le site <strong>facileacomprendre.fr<\/strong> (textes, images, logos, vid\u00e9os, etc.) est prot\u00e9g\u00e9 par les lois fran\u00e7aises et internationales relatives \u00e0 la propri\u00e9t\u00e9 intellectuelle. Toute reproduction, repr\u00e9sentation, modification, publication ou adaptation, m\u00eame partielle, des \u00e9l\u00e9ments du site, quel que soit le moyen ou le proc\u00e9d\u00e9 utilis\u00e9, est interdite sans l\u2019autorisation \u00e9crite pr\u00e9alable de <strong>COM JULIEN<\/strong>.<br>Toute exploitation non autoris\u00e9e du site ou de l\u2019un de ses \u00e9l\u00e9ments sera consid\u00e9r\u00e9e comme constitutive d\u2019une contrefa\u00e7on et poursuivie conform\u00e9ment aux dispositions des articles L.335-2 et suivants du Code de la Propri\u00e9t\u00e9 Intellectuelle.<\/p>\n\n\n\n<h2 class=\"wp-block-heading\">4. Donn\u00e9es personnelles<\/h2>\n\n\n\n<p>Conform\u00e9ment au R\u00e8glement G\u00e9n\u00e9ral sur la Protection des Donn\u00e9es (RGPD) n\u00b0 2016\/679 et \u00e0 la loi Informatique et Libert\u00e9s n\u00b0 78-17 du 6 janvier 1978 modifi\u00e9e, <strong>COM JULIEN<\/strong> s\u2019engage \u00e0 prot\u00e9ger les donn\u00e9es personnelles des utilisateurs du site <strong>facileacomprendre.fr<\/strong>.<\/p>\n\n\n\n<h3 class=\"wp-block-heading\">4.1. Collecte des donn\u00e9es<\/h3>\n\n\n\n<p>Les donn\u00e9es personnelles collect\u00e9es sur le site (ex. : nom, pr\u00e9nom, adresse email, etc.) le sont dans le cadre de :<\/p>\n\n\n\n<ul class=\"wp-block-list\">\n<li>La gestion des demandes de contact ou d\u2019inscription ;<\/li>\n\n\n\n<li>L\u2019am\u00e9lioration de l\u2019exp\u00e9rience utilisateur ;<\/li>\n\n\n\n<li>L\u2019envoi d\u2019informations ou de newsletters, sous r\u00e9serve du consentement pr\u00e9alable de l\u2019utilisateur.<\/li>\n<\/ul>\n\n\n\n<h3 class=\"wp-block-heading\">4.2. Droits des utilisateurs<\/h3>\n\n\n\n<p>Conform\u00e9ment \u00e0 la r\u00e9glementation, vous disposez des droits suivants sur vos donn\u00e9es personnelles :<\/p>\n\n\n\n<ul class=\"wp-block-list\">\n<li>Droit d\u2019acc\u00e8s ;<\/li>\n\n\n\n<li>Droit de rectification ;<\/li>\n\n\n\n<li>Droit \u00e0 l\u2019effacement ;<\/li>\n\n\n\n<li>Droit \u00e0 la limitation du traitement ;<\/li>\n\n\n\n<li>Droit \u00e0 la portabilit\u00e9 ;<\/li>\n\n\n\n<li>Droit d\u2019opposition.<\/li>\n<\/ul>\n\n\n\n<p>Pour exercer ces droits ou pour toute question relative \u00e0 vos donn\u00e9es personnelles, vous pouvez contacter :<br><strong>COM JULIEN<\/strong><br>Email : <a href=\"mailto:contact@facileacomprendre.fr\">contact@facileacomprendre.fr<\/a><br>Adresse : 30 Avenue de l&rsquo;Europe, 31520 Ramonville-Saint-Agne, France<\/p>\n\n\n\n<p>En cas de r\u00e9clamation, vous pouvez adresser une demande \u00e0 la Commission Nationale de l\u2019Informatique et des Libert\u00e9s (CNIL) :<br><strong>CNIL<\/strong><br>3 Place de Fontenoy, TSA 80715, 75334 Paris Cedex 07, France<br>Site web : <a href=\"http:\/\/www.cnil.fr\/\">www.cnil.fr<\/a><\/p>\n\n\n\n<h3 class=\"wp-block-heading\">4.3. Cookies<\/h3>\n\n\n\n<p>Le site <strong>facileacomprendre.fr<\/strong> peut utiliser des cookies pour am\u00e9liorer l\u2019exp\u00e9rience utilisateur et analyser le trafic. Vous pouvez g\u00e9rer vos pr\u00e9f\u00e9rences en mati\u00e8re de cookies via les param\u00e8tres de votre navigateur ou via le bandeau de gestion des cookies affich\u00e9 lors de votre visite sur le site.<\/p>\n\n\n\n<h2 class=\"wp-block-heading\">5. Responsabilit\u00e9<\/h2>\n\n\n\n<p><strong>COM JULIEN<\/strong> s\u2019efforce de fournir des informations aussi pr\u00e9cises que possible sur le site <strong>facileacomprendre.fr<\/strong>. Toutefois, l\u2019\u00e9diteur ne pourra \u00eatre tenu responsable des omissions, inexactitudes ou carences dans la mise \u00e0 jour, qu\u2019elles soient de son fait ou du fait de tiers partenaires.<br>Les liens hypertextes pr\u00e9sents sur le site et dirigeant vers des sites tiers ne sauraient engager la responsabilit\u00e9 de <strong>COM JULIEN<\/strong> quant au contenu de ces sites.<\/p>\n\n\n\n<h2 class=\"wp-block-heading\">6. Droit applicable et juridiction comp\u00e9tente<\/h2>\n\n\n\n<p>Les pr\u00e9sentes mentions l\u00e9gales sont r\u00e9gies par le droit fran\u00e7ais. Tout litige relatif \u00e0 l\u2019utilisation du site <strong>facileacomprendre.fr<\/strong> sera soumis \u00e0 la comp\u00e9tence exclusive des tribunaux comp\u00e9tents de Toulouse, France.<\/p>\n\n\n\n<h2 class=\"wp-block-heading\">7. Contact<\/h2>\n\n\n\n<p>Pour toute question ou demande concernant le site <strong>facileacomprendre.fr<\/strong>, vous pouvez contacter :<br><strong>COM JULIEN<\/strong><br>Email : <a href=\"mailto:contact@facileacomprendre.fr\">contact@facileacomprendre.fr<\/a><br>Adresse : 30 Avenue de l&rsquo;Europe, 31520 Ramonville-Saint-Agne, France<\/p>\n\n\n\n<p><em>Date de derni\u00e8re mise \u00e0 jour des mentions l\u00e9gales : 27 juin 2025<\/em><\/p>","protected":false},"excerpt":{"rendered":"<p>Mentions l\u00e9gales Conform\u00e9ment aux dispositions de l\u2019article 6-III-1 de la loi n\u00b0 2004-575 du 21 juin 2004 pour la confiance dans l\u2019\u00e9conomie num\u00e9rique, les pr\u00e9sentes mentions l\u00e9gales fournissent les informations obligatoires relatives au site internet facileacomprendre.fr. 1. \u00c9diteur du site Le site facileacomprendre.fr est \u00e9dit\u00e9 par :COM JULIENForme juridique : SARL (Soci\u00e9t\u00e9 \u00e0 Responsabilit\u00e9 Limit\u00e9e)SIRET &#8230; <a title=\"Mentions l\u00e9gales\" class=\"read-more\" href=\"https:\/\/www.facileacomprendre.fr\/en\/mentions-legales\/\" aria-label=\"Read more about Mentions l\u00e9gales\">Read more<\/a><\/p>","protected":false},"author":4353,"featured_media":0,"parent":0,"menu_order":0,"comment_status":"closed","ping_status":"closed","template":"","meta":{"footnotes":""},"class_list":["post-43770","page","type-page","status-publish"],"_links":{"self":[{"href":"https:\/\/www.facileacomprendre.fr\/en\/wp-json\/wp\/v2\/pages\/43770","targetHints":{"allow":["GET"]}}],"collection":[{"href":"https:\/\/www.facileacomprendre.fr\/en\/wp-json\/wp\/v2\/pages"}],"about":[{"href":"https:\/\/www.facileacomprendre.fr\/en\/wp-json\/wp\/v2\/types\/page"}],"author":[{"embeddable":true,"href":"https:\/\/www.facileacomprendre.fr\/en\/wp-json\/wp\/v2\/users\/4353"}],"replies":[{"embeddable":true,"href":"https:\/\/www.facileacomprendre.fr\/en\/wp-json\/wp\/v2\/comments?post=43770"}],"version-history":[{"count":4,"href":"https:\/\/www.facileacomprendre.fr\/en\/wp-json\/wp\/v2\/pages\/43770\/revisions"}],"predecessor-version":[{"id":44036,"href":"https:\/\/www.facileacomprendre.fr\/en\/wp-json\/wp\/v2\/pages\/43770\/revisions\/44036"}],"wp:attachment":[{"href":"https:\/\/www.facileacomprendre.fr\/en\/wp-json\/wp\/v2\/media?parent=43770"}],"curies":[{"name":"wp","href":"https:\/\/api.w.org\/{rel}","templated":true}]}}