{"id":486,"date":"2023-08-07T14:08:32","date_gmt":"2023-08-07T14:08:32","guid":{"rendered":"https:\/\/business-one.local\/?page_id=486"},"modified":"2025-07-02T14:41:35","modified_gmt":"2025-07-02T13:41:35","slug":"demande-de-renseignement-pour-la-publication-darticle-sur-notre-site","status":"publish","type":"page","link":"https:\/\/www.facileacomprendre.fr\/en\/demande-de-renseignement-pour-la-publication-darticle-sur-notre-site\/","title":{"rendered":"Demande d\u2019information pour publication"},"content":{"rendered":"\n<header class=\"gbp--border-radius gb-element-1390cb94\">\n<div class=\"gbp-section__inner\">\n<div class=\"gb-element-cd32391a\">\n<div>\n<h1 class=\"gb-text\">Vous \u00eates \u00e0 quelques minutes du bonheur, parlez-nous de votre projet<\/h1>\n\n\n\n<p class=\"gb-text gb-text-bb3ef19a\">Facile \u00e0 comprendre se veut \u00eatre un site qui propose de partager du contenu de qualit\u00e9, pour des services ayant fait leurs preuves. Bien \u00e9videmment, nous ne publions pas tout, nous avons donc besoin d&rsquo;en savoir un peu plus sur votre publication, remplissez rapidement les quelques champs ci-dessous, on vous recontacte tr\u00e8s rapidement.<\/p>\n<\/div>\n\n\n\n<div>\n<div class=\"gb-element-2776158b\">\n<img loading=\"lazy\" decoding=\"async\" width=\"800\" height=\"800\" class=\"gbp--border-radius gb-media-a36ecac9\" src=\"https:\/\/www.facileacomprendre.fr\/wp-content\/uploads\/2025\/07\/publier-article-gratuitement.jpeg\" title=\"publier-article-gratuitement\" alt=\"Publication d&amp;#039;article gratuite\" srcset=\"https:\/\/www.facileacomprendre.fr\/wp-content\/uploads\/2025\/07\/publier-article-gratuitement.jpeg 800w, https:\/\/www.facileacomprendre.fr\/wp-content\/uploads\/2025\/07\/publier-article-gratuitement-300x300.jpeg 300w, https:\/\/www.facileacomprendre.fr\/wp-content\/uploads\/2025\/07\/publier-article-gratuitement-150x150.jpeg 150w, https:\/\/www.facileacomprendre.fr\/wp-content\/uploads\/2025\/07\/publier-article-gratuitement-768x768.jpeg 768w\" sizes=\"auto, (max-width: 800px) 100vw, 800px\" \/>\n<\/div>\n\n\n\n<div>\n<img loading=\"lazy\" decoding=\"async\" width=\"300\" height=\"201\" class=\"gbp--border-radius gb-media-e19d984f\" src=\"https:\/\/www.facileacomprendre.fr\/wp-content\/uploads\/2025\/07\/publication-facile-a-comprendre.jpeg\" title=\"publication-facile-a-comprendre\" alt=\"Publication facile a comprendre\"\/>\n<\/div>\n<\/div>\n<\/div>\n<\/div>\n<\/header>\n\n\n\n<div class=\"gbp-section\">\n<div class=\"gbp-section__inner\">\n<h2 class=\"gb-text gb-text-2e0dedf7\">Formulaire de publication<\/h2>\n\n\n\n<p class=\"gb-text gb-text-2e86ee8f\"><style id=\"wpforms-css-vars-27473\">\n\t\t\t\t#wpforms-27473 {\n\t\t\t\t\n\t\t\t}\n\t\t\t<\/style><div class=\"wpforms-container wpforms-container-full wpforms-render-modern\" id=\"wpforms-27473\"><form id=\"wpforms-form-27473\" class=\"wpforms-validate wpforms-form wpforms-ajax-form\" data-formid=\"27473\" method=\"post\" enctype=\"multipart\/form-data\" action=\"\/en\/wp-json\/wp\/v2\/pages\/486\" data-token=\"7747a52d7b1d0accd550f05b16b51b00\" data-token-time=\"1777038983\"><noscript class=\"wpforms-error-noscript\">Please enable JavaScript in your browser to complete this form.<\/noscript><div id=\"wpforms-error-noscript\" style=\"display: none;\">Please enable JavaScript in your browser to complete this form.<\/div><div class=\"wpforms-field-container\"><div id=\"wpforms-27473-field_1-container\" class=\"wpforms-field wpforms-field-name\" data-field-id=\"1\"><label class=\"wpforms-field-label\" for=\"wpforms-27473-field_1\">Votre nom <span class=\"wpforms-required-label\" aria-hidden=\"true\">*<\/span><\/label><input type=\"text\" id=\"wpforms-27473-field_1\" class=\"wpforms-field-medium wpforms-field-required\" name=\"wpforms[fields][1]\" aria-errormessage=\"wpforms-27473-field_1-error\" required><\/div><div id=\"wpforms-27473-field_7-container\" class=\"wpforms-field wpforms-field-radio\" data-field-id=\"7\"><fieldset><legend class=\"wpforms-field-label\">Cat\u00e9gorie demand\u00e9 <span class=\"wpforms-required-label\" aria-hidden=\"true\">*<\/span><\/legend><ul id=\"wpforms-27473-field_7\" class=\"wpforms-field-required\"><li class=\"choice-1 depth-1\"><input type=\"radio\" id=\"wpforms-27473-field_7_1\" name=\"wpforms[fields][7]\" value=\"Sport\" aria-errormessage=\"wpforms-27473-field_7_1-error\" required ><label class=\"wpforms-field-label-inline\" for=\"wpforms-27473-field_7_1\">Sport<\/label><\/li><li class=\"choice-2 depth-1\"><input type=\"radio\" id=\"wpforms-27473-field_7_2\" name=\"wpforms[fields][7]\" value=\"Actualit\u00e9s\" aria-errormessage=\"wpforms-27473-field_7_2-error\" required ><label class=\"wpforms-field-label-inline\" for=\"wpforms-27473-field_7_2\">Actualit\u00e9s<\/label><\/li><li class=\"choice-3 depth-1\"><input type=\"radio\" id=\"wpforms-27473-field_7_3\" name=\"wpforms[fields][7]\" value=\"Politique\" aria-errormessage=\"wpforms-27473-field_7_3-error\" required ><label class=\"wpforms-field-label-inline\" for=\"wpforms-27473-field_7_3\">Politique<\/label><\/li><li class=\"choice-4 depth-1\"><input type=\"radio\" id=\"wpforms-27473-field_7_4\" name=\"wpforms[fields][7]\" value=\"Communication digital\" aria-errormessage=\"wpforms-27473-field_7_4-error\" required ><label class=\"wpforms-field-label-inline\" for=\"wpforms-27473-field_7_4\">Communication digital<\/label><\/li><li class=\"choice-5 depth-1\"><input type=\"radio\" id=\"wpforms-27473-field_7_5\" name=\"wpforms[fields][7]\" value=\"Les petits bons plans\" aria-errormessage=\"wpforms-27473-field_7_5-error\" required ><label class=\"wpforms-field-label-inline\" for=\"wpforms-27473-field_7_5\">Les petits bons plans<\/label><\/li><li class=\"choice-6 depth-1\"><input type=\"radio\" id=\"wpforms-27473-field_7_6\" name=\"wpforms[fields][7]\" value=\"Formation\" aria-errormessage=\"wpforms-27473-field_7_6-error\" required ><label class=\"wpforms-field-label-inline\" for=\"wpforms-27473-field_7_6\">Formation<\/label><\/li><li class=\"choice-7 depth-1\"><input type=\"radio\" id=\"wpforms-27473-field_7_7\" name=\"wpforms[fields][7]\" value=\"Maison\" aria-errormessage=\"wpforms-27473-field_7_7-error\" required ><label class=\"wpforms-field-label-inline\" for=\"wpforms-27473-field_7_7\">Maison<\/label><\/li><\/ul><\/fieldset><\/div><div id=\"wpforms-27473-field_8-container\" class=\"wpforms-field wpforms-field-email\" data-field-id=\"8\"><label class=\"wpforms-field-label\" for=\"wpforms-27473-field_8\">E-mail <span class=\"wpforms-required-label\" aria-hidden=\"true\">*<\/span><\/label><input type=\"email\" id=\"wpforms-27473-field_8\" class=\"wpforms-field-medium wpforms-field-required\" name=\"wpforms[fields][8]\" spellcheck=\"false\" aria-errormessage=\"wpforms-27473-field_8-error\" required><\/div><div id=\"wpforms-27473-field_10-container\" class=\"wpforms-field wpforms-field-textarea\" data-field-id=\"10\"><label class=\"wpforms-field-label\" for=\"wpforms-27473-field_10\">Expliquer votre demande en quelques lignes <span class=\"wpforms-required-label\" aria-hidden=\"true\">*<\/span><\/label><textarea id=\"wpforms-27473-field_10\" class=\"wpforms-field-medium wpforms-field-required\" name=\"wpforms[fields][10]\" aria-errormessage=\"wpforms-27473-field_10-error\" required><\/textarea><\/div><\/div><!-- .wpforms-field-container --><div class=\"wpforms-recaptcha-container wpforms-is-recaptcha wpforms-is-recaptcha-type-v3\" ><input type=\"hidden\" name=\"wpforms[recaptcha]\" value=\"\"><\/div><div class=\"wpforms-submit-container\" ><input type=\"hidden\" name=\"wpforms[id]\" value=\"27473\"><input type=\"hidden\" name=\"page_title\" value=\"\"><input type=\"hidden\" name=\"page_url\" value=\"https:\/\/www.facileacomprendre.fr\/en\/wp-json\/wp\/v2\/pages\/486\"><input type=\"hidden\" name=\"url_referer\" value=\"\"><button type=\"submit\" name=\"wpforms[submit]\" id=\"wpforms-submit-27473\" class=\"wpforms-submit\" data-alt-text=\"Envoi...\" data-submit-text=\"Envoyer\" aria-live=\"assertive\" value=\"wpforms-submit\">Envoyer<\/button><img loading=\"lazy\" decoding=\"async\" src=\"https:\/\/www.facileacomprendre.fr\/wp-content\/plugins\/wpforms-lite\/assets\/images\/submit-spin.svg\" class=\"wpforms-submit-spinner\" style=\"display: none;\" width=\"26\" height=\"26\" alt=\"Loading\"><\/div><\/form><\/div>  <!-- .wpforms-container --><\/p>\n<\/div>\n<\/div>\n","protected":false},"excerpt":{"rendered":"<p>Vous \u00eates \u00e0 quelques minutes du bonheur, parlez-nous de votre projet Facile \u00e0 comprendre se veut \u00eatre un site qui propose de partager du contenu de qualit\u00e9, pour des services ayant fait leurs preuves. Bien \u00e9videmment, nous ne publions pas tout, nous avons donc besoin d&rsquo;en savoir un peu plus sur votre publication, remplissez rapidement &#8230; <a title=\"Demande d\u2019information pour publication\" class=\"read-more\" href=\"https:\/\/www.facileacomprendre.fr\/en\/demande-de-renseignement-pour-la-publication-darticle-sur-notre-site\/\" aria-label=\"Read more about Demande d\u2019information pour publication\">Read more<\/a><\/p>","protected":false},"author":4353,"featured_media":0,"parent":0,"menu_order":0,"comment_status":"closed","ping_status":"closed","template":"","meta":{"footnotes":""},"class_list":["post-486","page","type-page","status-publish"],"_links":{"self":[{"href":"https:\/\/www.facileacomprendre.fr\/en\/wp-json\/wp\/v2\/pages\/486","targetHints":{"allow":["GET"]}}],"collection":[{"href":"https:\/\/www.facileacomprendre.fr\/en\/wp-json\/wp\/v2\/pages"}],"about":[{"href":"https:\/\/www.facileacomprendre.fr\/en\/wp-json\/wp\/v2\/types\/page"}],"author":[{"embeddable":true,"href":"https:\/\/www.facileacomprendre.fr\/en\/wp-json\/wp\/v2\/users\/4353"}],"replies":[{"embeddable":true,"href":"https:\/\/www.facileacomprendre.fr\/en\/wp-json\/wp\/v2\/comments?post=486"}],"version-history":[{"count":4,"href":"https:\/\/www.facileacomprendre.fr\/en\/wp-json\/wp\/v2\/pages\/486\/revisions"}],"predecessor-version":[{"id":44117,"href":"https:\/\/www.facileacomprendre.fr\/en\/wp-json\/wp\/v2\/pages\/486\/revisions\/44117"}],"wp:attachment":[{"href":"https:\/\/www.facileacomprendre.fr\/en\/wp-json\/wp\/v2\/media?parent=486"}],"curies":[{"name":"wp","href":"https:\/\/api.w.org\/{rel}","templated":true}]}}